{"id":178,"date":"2022-10-14T09:48:31","date_gmt":"2022-10-14T07:48:31","guid":{"rendered":"https:\/\/www.talleresbasilio.com\/?page_id=178"},"modified":"2025-07-22T18:27:46","modified_gmt":"2025-07-22T16:27:46","slug":"servicios","status":"publish","type":"page","link":"https:\/\/www.talleresbasilio.com\/en\/servicios\/","title":{"rendered":"Servicios"},"content":{"rendered":"<div data-elementor-type=\"wp-page\" data-elementor-id=\"178\" class=\"elementor elementor-178\" data-elementor-post-type=\"page\">\n\t\t\t\t<div class=\"elementor-element elementor-element-5875998 e-con-full fc-container-padding e-flex e-con e-parent\" data-id=\"5875998\" data-element_type=\"container\" data-e-type=\"container\" data-settings=\"{&quot;background_background&quot;:&quot;classic&quot;}\">\n\t\t<div class=\"elementor-element elementor-element-2a01257 e-flex e-con-boxed e-con e-child\" data-id=\"2a01257\" data-element_type=\"container\" data-e-type=\"container\">\n\t\t\t\t\t<div class=\"e-con-inner\">\n\t\t\t\t<div class=\"elementor-element elementor-element-8a102d1 elementor-widget elementor-widget-heading\" data-id=\"8a102d1\" data-element_type=\"widget\" data-e-type=\"widget\" data-widget_type=\"heading.default\">\n\t\t\t\t<div class=\"elementor-widget-container\">\n\t\t\t\t\t<h1 class=\"elementor-heading-title elementor-size-default\">Especialistas en mantenimiento  y reparaci\u00f3n de maquinaria industrial.<\/h1>\t\t\t\t<\/div>\n\t\t\t\t<\/div>\n\t\t\t\t<div class=\"elementor-element elementor-element-45f8f4c elementor-widget elementor-widget-text-editor\" data-id=\"45f8f4c\" data-element_type=\"widget\" data-e-type=\"widget\" data-widget_type=\"text-editor.default\">\n\t\t\t\t<div class=\"elementor-widget-container\">\n\t\t\t\t\t\t\t\t\t<p>Especialistas en mantenimiento, montaje y reparaci\u00f3n de maquinaria industrial<\/p>\t\t\t\t\t\t\t\t<\/div>\n\t\t\t\t<\/div>\n\t\t\t\t<div class=\"elementor-element elementor-element-3c99039 elementor-align-center fc-boton-claro elementor-widget elementor-widget-button\" data-id=\"3c99039\" data-element_type=\"widget\" data-e-type=\"widget\" data-widget_type=\"button.default\">\n\t\t\t\t<div class=\"elementor-widget-container\">\n\t\t\t\t\t\t\t\t\t<div class=\"elementor-button-wrapper\">\n\t\t\t\t\t<a class=\"elementor-button elementor-button-link elementor-size-md\" href=\"https:\/\/www.talleresbasilio.com\/en\/contacto\/\">\n\t\t\t\t\t\t<span class=\"elementor-button-content-wrapper\">\n\t\t\t\t\t\t\t\t\t<span class=\"elementor-button-text\">Contactar<\/span>\n\t\t\t\t\t<\/span>\n\t\t\t\t\t<\/a>\n\t\t\t\t<\/div>\n\t\t\t\t\t\t\t\t<\/div>\n\t\t\t\t<\/div>\n\t\t\t\t\t<\/div>\n\t\t\t\t<\/div>\n\t\t\t\t<\/div>\n\t\t<div class=\"elementor-element elementor-element-a58ed31 e-con-full e-flex e-con e-parent\" data-id=\"a58ed31\" data-element_type=\"container\" data-e-type=\"container\" data-settings=\"{&quot;background_background&quot;:&quot;classic&quot;}\">\n\t\t<div class=\"elementor-element elementor-element-2a78c2c e-con-full e-flex e-con e-child\" data-id=\"2a78c2c\" data-element_type=\"container\" data-e-type=\"container\" data-settings=\"{&quot;background_background&quot;:&quot;classic&quot;}\">\n\t\t\t\t<\/div>\n\t\t<div class=\"elementor-element elementor-element-e32230d e-con-full e-flex e-con e-child\" data-id=\"e32230d\" data-element_type=\"container\" data-e-type=\"container\">\n\t\t<div class=\"elementor-element elementor-element-33e773f fc-container-equal fc-container-col-boxed fc-container-col-boxed-left e-con-full e-flex elementor-invisible e-con e-child\" data-id=\"33e773f\" data-element_type=\"container\" data-e-type=\"container\" data-settings=\"{&quot;animation&quot;:&quot;fadeIn&quot;}\">\n\t\t\t\t<div class=\"elementor-element elementor-element-6ccd290 elementor-widget elementor-widget-heading\" data-id=\"6ccd290\" data-element_type=\"widget\" data-e-type=\"widget\" data-widget_type=\"heading.default\">\n\t\t\t\t<div class=\"elementor-widget-container\">\n\t\t\t\t\t<h2 class=\"elementor-heading-title elementor-size-default\">Mantenimiento de m\u00e1quinas y equipos<\/h2>\t\t\t\t<\/div>\n\t\t\t\t<\/div>\n\t\t\t\t<div class=\"elementor-element elementor-element-18c3c75 elementor-widget elementor-widget-text-editor\" data-id=\"18c3c75\" data-element_type=\"widget\" data-e-type=\"widget\" data-widget_type=\"text-editor.default\">\n\t\t\t\t<div class=\"elementor-widget-container\">\n\t\t\t\t\t\t\t\t\t<p>Ofrecemos servicios de mantenimiento industrial en La Rioja, adaptados a las necesidades de las empresas. Realizamos intervenciones en plantas industriales con un alto nivel de exigencia, cumpliendo con todas las normativas de seguridad y protocolos espec\u00edficos de cada cliente.<br \/>Nuestros planes de mantenimiento permiten una gesti\u00f3n eficiente de tus instalaciones, con posibilidad de programaci\u00f3n:<\/p><ul><li>Mantenimiento mensual<\/li><li>Trimestral<\/li><li>Semestral<\/li><li>Contratos anuales personalizados<\/li><\/ul><p>Trabajamos con empresas de sectores como log\u00edstica, alimentaci\u00f3n, automoci\u00f3n y energ\u00edas renovables, aportando soluciones t\u00e9cnicas fiables y r\u00e1pidas.<\/p>\t\t\t\t\t\t\t\t<\/div>\n\t\t\t\t<\/div>\n\t\t\t\t<div class=\"elementor-element elementor-element-12c5377 elementor-align-left fc-boton-simple fc-boton-claro elementor-widget elementor-widget-button\" data-id=\"12c5377\" data-element_type=\"widget\" data-e-type=\"widget\" data-widget_type=\"button.default\">\n\t\t\t\t<div class=\"elementor-widget-container\">\n\t\t\t\t\t\t\t\t\t<div class=\"elementor-button-wrapper\">\n\t\t\t\t\t<a class=\"elementor-button elementor-button-link elementor-size-md\" href=\"https:\/\/www.talleresbasilio.com\/en\/contacto\/\">\n\t\t\t\t\t\t<span class=\"elementor-button-content-wrapper\">\n\t\t\t\t\t\t\t\t\t<span class=\"elementor-button-text\">Solicitar informaci\u00f3n<\/span>\n\t\t\t\t\t<\/span>\n\t\t\t\t\t<\/a>\n\t\t\t\t<\/div>\n\t\t\t\t\t\t\t\t<\/div>\n\t\t\t\t<\/div>\n\t\t\t\t<\/div>\n\t\t\t\t<\/div>\n\t\t\t\t<\/div>\n\t\t<div class=\"elementor-element elementor-element-77996f7 e-con-full e-flex e-con e-parent\" data-id=\"77996f7\" data-element_type=\"container\" data-e-type=\"container\" data-settings=\"{&quot;background_background&quot;:&quot;classic&quot;}\">\n\t\t<div class=\"elementor-element elementor-element-cb7596c e-con-full e-flex e-con e-child\" data-id=\"cb7596c\" data-element_type=\"container\" data-e-type=\"container\" data-settings=\"{&quot;background_background&quot;:&quot;classic&quot;}\">\n\t\t\t\t<\/div>\n\t\t<div class=\"elementor-element elementor-element-83f85c1 e-con-full e-flex e-con e-child\" data-id=\"83f85c1\" data-element_type=\"container\" data-e-type=\"container\">\n\t\t<div class=\"elementor-element elementor-element-0baa954 fc-container-equal fc-container-col-boxed fc-container-col-boxed-right e-con-full e-flex elementor-invisible e-con e-child\" data-id=\"0baa954\" data-element_type=\"container\" data-e-type=\"container\" data-settings=\"{&quot;animation&quot;:&quot;fadeIn&quot;}\">\n\t\t\t\t<div class=\"elementor-element elementor-element-941637e elementor-widget elementor-widget-heading\" data-id=\"941637e\" data-element_type=\"widget\" data-e-type=\"widget\" data-widget_type=\"heading.default\">\n\t\t\t\t<div class=\"elementor-widget-container\">\n\t\t\t\t\t<h2 class=\"elementor-heading-title elementor-size-default\">Reparaci\u00f3n de maquinaria<\/h2>\t\t\t\t<\/div>\n\t\t\t\t<\/div>\n\t\t\t\t<div class=\"elementor-element elementor-element-34eab1d elementor-widget elementor-widget-text-editor\" data-id=\"34eab1d\" data-element_type=\"widget\" data-e-type=\"widget\" data-widget_type=\"text-editor.default\">\n\t\t\t\t<div class=\"elementor-widget-container\">\n\t\t\t\t\t\t\t\t\t<p>Servicio de reparaci\u00f3n y asistencia t\u00e9cnica de maquinaria en Logro\u00f1o y en un radio de hasta 60 km, cubriendo zonas como Navarra, \u00c1lava y Rioja Alta.<\/p><p>Garantizamos intervenciones r\u00e1pidas, eficaces y con la m\u00e1xima garant\u00eda en todos nuestros trabajos. Nos especializamos en:<\/p><ul><li>Grupos hidr\u00e1ulicos<\/li><li>Sistemas de placas solares<\/li><li>Pisos m\u00f3viles de camiones, trampillas elevadoras y jaulas ganaderas<\/li><li>Carretillas elevadoras<\/li><li>Transpaletas el\u00e9ctricas y manuales<\/li><\/ul><p>Conf\u00eda en un equipo t\u00e9cnico con experiencia, repuestos de calidad y soluciones adaptadas a cada cliente.<\/p>\t\t\t\t\t\t\t\t<\/div>\n\t\t\t\t<\/div>\n\t\t\t\t<div class=\"elementor-element elementor-element-2de464f elementor-align-left fc-boton-simple fc-boton-claro elementor-widget elementor-widget-button\" data-id=\"2de464f\" data-element_type=\"widget\" data-e-type=\"widget\" data-widget_type=\"button.default\">\n\t\t\t\t<div class=\"elementor-widget-container\">\n\t\t\t\t\t\t\t\t\t<div class=\"elementor-button-wrapper\">\n\t\t\t\t\t<a class=\"elementor-button elementor-button-link elementor-size-md\" href=\"https:\/\/www.talleresbasilio.com\/en\/contacto\/\">\n\t\t\t\t\t\t<span class=\"elementor-button-content-wrapper\">\n\t\t\t\t\t\t\t\t\t<span class=\"elementor-button-text\">Solicitar informaci\u00f3n<\/span>\n\t\t\t\t\t<\/span>\n\t\t\t\t\t<\/a>\n\t\t\t\t<\/div>\n\t\t\t\t\t\t\t\t<\/div>\n\t\t\t\t<\/div>\n\t\t\t\t<\/div>\n\t\t\t\t<\/div>\n\t\t\t\t<\/div>\n\t\t<div class=\"elementor-element elementor-element-eda6b3b e-con-full e-flex e-con e-parent\" data-id=\"eda6b3b\" data-element_type=\"container\" data-e-type=\"container\" data-settings=\"{&quot;background_background&quot;:&quot;classic&quot;}\">\n\t\t<div class=\"elementor-element elementor-element-9665758 e-con-full e-flex e-con e-child\" data-id=\"9665758\" data-element_type=\"container\" data-e-type=\"container\" data-settings=\"{&quot;background_background&quot;:&quot;classic&quot;}\">\n\t\t\t\t<\/div>\n\t\t<div class=\"elementor-element elementor-element-c3fa417 e-con-full e-flex e-con e-child\" data-id=\"c3fa417\" data-element_type=\"container\" data-e-type=\"container\">\n\t\t<div class=\"elementor-element elementor-element-e1739d6 fc-container-equal fc-container-col-boxed fc-container-col-boxed-left e-con-full e-flex elementor-invisible e-con e-child\" data-id=\"e1739d6\" data-element_type=\"container\" data-e-type=\"container\" data-settings=\"{&quot;animation&quot;:&quot;fadeIn&quot;}\">\n\t\t\t\t<div class=\"elementor-element elementor-element-15329e6 elementor-widget elementor-widget-heading\" data-id=\"15329e6\" data-element_type=\"widget\" data-e-type=\"widget\" data-widget_type=\"heading.default\">\n\t\t\t\t<div class=\"elementor-widget-container\">\n\t\t\t\t\t<h2 class=\"elementor-heading-title elementor-size-default\">Venta de maquinaria de manutenci\u00f3n de cargas<\/h2>\t\t\t\t<\/div>\n\t\t\t\t<\/div>\n\t\t\t\t<div class=\"elementor-element elementor-element-da21325 elementor-widget elementor-widget-text-editor\" data-id=\"da21325\" data-element_type=\"widget\" data-e-type=\"widget\" data-widget_type=\"text-editor.default\">\n\t\t\t\t<div class=\"elementor-widget-container\">\n\t\t\t\t\t\t\t\t\t<p>Servicio de venta personalizada de maquinaria para la manipulaci\u00f3n de cargas en La Rioja y alrededores. Estudiamos tu actividad, el tipo de negocio y el espacio disponible para asesorarte en la mejor elecci\u00f3n, asegurando eficiencia y rendimiento.<\/p><ul><li>Carretillas elevadoras<\/li><li>Apiladores manuales y el\u00e9ctricos<\/li><li>Transpaletas el\u00e9ctricas y manuales<br \/>Implementos para carretillas<\/li><li>Grupos hidr\u00e1ulicos (venta, construcci\u00f3n, montaje y reparaci\u00f3n)<\/li><li>Cilindros hidr\u00e1ulicos<\/li><li>Carros, jaulas y equipos de manutenci\u00f3n personalizados<\/li><\/ul><p>Trabajamos con primeras marcas y ofrecemos soluciones a medida para todo tipo de sectores industriales.<\/p>\t\t\t\t\t\t\t\t<\/div>\n\t\t\t\t<\/div>\n\t\t\t\t<div class=\"elementor-element elementor-element-8d39968 elementor-align-left fc-boton-simple fc-boton-claro elementor-widget elementor-widget-button\" data-id=\"8d39968\" data-element_type=\"widget\" data-e-type=\"widget\" data-widget_type=\"button.default\">\n\t\t\t\t<div class=\"elementor-widget-container\">\n\t\t\t\t\t\t\t\t\t<div class=\"elementor-button-wrapper\">\n\t\t\t\t\t<a class=\"elementor-button elementor-button-link elementor-size-md\" href=\"https:\/\/www.talleresbasilio.com\/en\/contacto\/\">\n\t\t\t\t\t\t<span class=\"elementor-button-content-wrapper\">\n\t\t\t\t\t\t\t\t\t<span class=\"elementor-button-text\">Solicitar informaci\u00f3n<\/span>\n\t\t\t\t\t<\/span>\n\t\t\t\t\t<\/a>\n\t\t\t\t<\/div>\n\t\t\t\t\t\t\t\t<\/div>\n\t\t\t\t<\/div>\n\t\t\t\t<\/div>\n\t\t\t\t<\/div>\n\t\t\t\t<\/div>\n\t\t<div class=\"elementor-element elementor-element-12596a4 e-con-full e-flex e-con e-parent\" data-id=\"12596a4\" data-element_type=\"container\" data-e-type=\"container\" data-settings=\"{&quot;background_background&quot;:&quot;classic&quot;}\">\n\t\t<div class=\"elementor-element elementor-element-bbc107a e-con-full e-flex e-con e-child\" data-id=\"bbc107a\" data-element_type=\"container\" data-e-type=\"container\" data-settings=\"{&quot;background_background&quot;:&quot;classic&quot;}\">\n\t\t\t\t<\/div>\n\t\t<div class=\"elementor-element elementor-element-a86cc40 e-con-full e-flex e-con e-child\" data-id=\"a86cc40\" data-element_type=\"container\" data-e-type=\"container\">\n\t\t<div class=\"elementor-element elementor-element-a468b16 fc-container-equal fc-container-col-boxed fc-container-col-boxed-right e-con-full e-flex elementor-invisible e-con e-child\" data-id=\"a468b16\" data-element_type=\"container\" data-e-type=\"container\" data-settings=\"{&quot;animation&quot;:&quot;fadeIn&quot;}\">\n\t\t\t\t<div class=\"elementor-element elementor-element-101b31f elementor-widget elementor-widget-heading\" data-id=\"101b31f\" data-element_type=\"widget\" data-e-type=\"widget\" data-widget_type=\"heading.default\">\n\t\t\t\t<div class=\"elementor-widget-container\">\n\t\t\t\t\t<h2 class=\"elementor-heading-title elementor-size-default\">Alquiler de carretillas, apiladores y transpaletas en La Rioja<\/h2>\t\t\t\t<\/div>\n\t\t\t\t<\/div>\n\t\t\t\t<div class=\"elementor-element elementor-element-6ffc5a6 elementor-widget elementor-widget-text-editor\" data-id=\"6ffc5a6\" data-element_type=\"widget\" data-e-type=\"widget\" data-widget_type=\"text-editor.default\">\n\t\t\t\t<div class=\"elementor-widget-container\">\n\t\t\t\t\t\t\t\t\t<p>Tambi\u00e9n ofrecemos alquiler flexible de maquinaria de manutenci\u00f3n en La Rioja, con asesoramiento personalizado seg\u00fan el tipo de carga, espacio de trabajo y duraci\u00f3n del proyecto.<\/p><p>Disponemos de equipos en alquiler en perfecto estado y listos para trabajar:<\/p><ul><li>Carretillas elevadoras<\/li><li>Apiladores el\u00e9ctricos y manuales<\/li><li>Transpaletas el\u00e9ctricas y manuales<\/li><\/ul><p>Te ayudamos a elegir la mejor opci\u00f3n para optimizar tus tareas sin necesidad de realizar una gran inversi\u00f3n inicial.<\/p>\t\t\t\t\t\t\t\t<\/div>\n\t\t\t\t<\/div>\n\t\t\t\t<div class=\"elementor-element elementor-element-98bf31c elementor-align-left fc-boton-simple fc-boton-claro elementor-widget elementor-widget-button\" data-id=\"98bf31c\" data-element_type=\"widget\" data-e-type=\"widget\" data-widget_type=\"button.default\">\n\t\t\t\t<div class=\"elementor-widget-container\">\n\t\t\t\t\t\t\t\t\t<div class=\"elementor-button-wrapper\">\n\t\t\t\t\t<a class=\"elementor-button elementor-button-link elementor-size-md\" href=\"https:\/\/www.talleresbasilio.com\/en\/contacto\/\">\n\t\t\t\t\t\t<span class=\"elementor-button-content-wrapper\">\n\t\t\t\t\t\t\t\t\t<span class=\"elementor-button-text\">Solicitar informaci\u00f3n<\/span>\n\t\t\t\t\t<\/span>\n\t\t\t\t\t<\/a>\n\t\t\t\t<\/div>\n\t\t\t\t\t\t\t\t<\/div>\n\t\t\t\t<\/div>\n\t\t\t\t<\/div>\n\t\t\t\t<\/div>\n\t\t\t\t<\/div>\n\t\t<div class=\"elementor-element elementor-element-3016672 fc-container-padding e-flex e-con-boxed e-con e-parent\" data-id=\"3016672\" data-element_type=\"container\" data-e-type=\"container\" data-settings=\"{&quot;background_background&quot;:&quot;classic&quot;}\">\n\t\t\t\t\t<div class=\"e-con-inner\">\n\t\t\t\t<div class=\"elementor-element elementor-element-910aacc elementor-widget elementor-widget-heading\" data-id=\"910aacc\" data-element_type=\"widget\" data-e-type=\"widget\" data-widget_type=\"heading.default\">\n\t\t\t\t<div class=\"elementor-widget-container\">\n\t\t\t\t\t<h2 class=\"elementor-heading-title elementor-size-default\">Especialistas en hidr\u00e1ulica en La Rioja<\/h2>\t\t\t\t<\/div>\n\t\t\t\t<\/div>\n\t\t\t\t<div class=\"elementor-element elementor-element-cadb2cd elementor-widget elementor-widget-text-editor\" data-id=\"cadb2cd\" data-element_type=\"widget\" data-e-type=\"widget\" data-widget_type=\"text-editor.default\">\n\t\t\t\t<div class=\"elementor-widget-container\">\n\t\t\t\t\t\t\t\t\t<p>En Talleres Basilio ofrecemos un servicio profesional y r\u00e1pido en sistemas hidr\u00e1ulicos: diagn\u00f3stico, reparaci\u00f3n y mantenimiento tanto en taller como en campo. Atendemos a empresas y profesionales en toda La Rioja con soluciones eficientes y personal t\u00e9cnico especializado.<\/p>\t\t\t\t\t\t\t\t<\/div>\n\t\t\t\t<\/div>\n\t\t\t\t\t<\/div>\n\t\t\t\t<\/div>\n\t\t\t\t<\/div>","protected":false},"excerpt":{"rendered":"<p>Especialistas en mantenimiento y reparaci\u00f3n de maquinaria industrial. Especialistas en mantenimiento, montaje y reparaci\u00f3n de maquinaria industrial Contactar Mantenimiento de m\u00e1quinas y equipos Ofrecemos servicios de mantenimiento industrial en La Rioja, adaptados a las necesidades de las empresas. Realizamos intervenciones en plantas industriales con un alto nivel de exigencia, cumpliendo con todas las normativas de [&hellip;]<\/p>\n","protected":false},"author":1,"featured_media":0,"parent":0,"menu_order":3,"comment_status":"closed","ping_status":"closed","template":"","meta":{"_acf_changed":false,"footnotes":""},"class_list":["post-178","page","type-page","status-publish","hentry"],"acf":[],"_links":{"self":[{"href":"https:\/\/www.talleresbasilio.com\/en\/wp-json\/wp\/v2\/pages\/178","targetHints":{"allow":["GET"]}}],"collection":[{"href":"https:\/\/www.talleresbasilio.com\/en\/wp-json\/wp\/v2\/pages"}],"about":[{"href":"https:\/\/www.talleresbasilio.com\/en\/wp-json\/wp\/v2\/types\/page"}],"author":[{"embeddable":true,"href":"https:\/\/www.talleresbasilio.com\/en\/wp-json\/wp\/v2\/users\/1"}],"replies":[{"embeddable":true,"href":"https:\/\/www.talleresbasilio.com\/en\/wp-json\/wp\/v2\/comments?post=178"}],"version-history":[{"count":1,"href":"https:\/\/www.talleresbasilio.com\/en\/wp-json\/wp\/v2\/pages\/178\/revisions"}],"predecessor-version":[{"id":2194,"href":"https:\/\/www.talleresbasilio.com\/en\/wp-json\/wp\/v2\/pages\/178\/revisions\/2194"}],"wp:attachment":[{"href":"https:\/\/www.talleresbasilio.com\/en\/wp-json\/wp\/v2\/media?parent=178"}],"curies":[{"name":"wp","href":"https:\/\/api.w.org\/{rel}","templated":true}]}}