{"id":42,"date":"2022-08-18T10:55:54","date_gmt":"2022-08-18T08:55:54","guid":{"rendered":"https:\/\/www.talleresbasilio.com\/?page_id=42"},"modified":"2025-07-22T18:21:47","modified_gmt":"2025-07-22T16:21:47","slug":"inicio","status":"publish","type":"page","link":"https:\/\/www.talleresbasilio.com\/en\/","title":{"rendered":"Inicio"},"content":{"rendered":"<div data-elementor-type=\"wp-page\" data-elementor-id=\"42\" class=\"elementor elementor-42\" data-elementor-post-type=\"page\">\n\t\t\t\t<div class=\"elementor-element elementor-element-5e8ebd2 fc-container-padding e-flex e-con-boxed e-con e-parent\" data-id=\"5e8ebd2\" data-element_type=\"container\" data-e-type=\"container\" data-settings=\"{&quot;background_background&quot;:&quot;classic&quot;}\">\n\t\t\t\t\t<div class=\"e-con-inner\">\n\t\t<div class=\"elementor-element elementor-element-be1c3db e-flex e-con-boxed elementor-invisible e-con e-child\" data-id=\"be1c3db\" data-element_type=\"container\" data-e-type=\"container\" data-settings=\"{&quot;animation&quot;:&quot;fadeIn&quot;,&quot;animation_delay&quot;:800}\">\n\t\t\t\t\t<div class=\"e-con-inner\">\n\t\t\t\t<div class=\"elementor-element elementor-element-5af9aca elementor-widget elementor-widget-heading\" data-id=\"5af9aca\" data-element_type=\"widget\" data-e-type=\"widget\" data-widget_type=\"heading.default\">\n\t\t\t\t<div class=\"elementor-widget-container\">\n\t\t\t\t\t<h1 class=\"elementor-heading-title elementor-size-default\">Servicio t\u00e9cnico, venta y alquiler con garant\u00eda profesional.<\/h1>\t\t\t\t<\/div>\n\t\t\t\t<\/div>\n\t\t\t\t<div class=\"elementor-element elementor-element-af41288 elementor-align-center fc-boton-claro elementor-widget elementor-widget-button\" data-id=\"af41288\" data-element_type=\"widget\" data-e-type=\"widget\" data-widget_type=\"button.default\">\n\t\t\t\t<div class=\"elementor-widget-container\">\n\t\t\t\t\t\t\t\t\t<div class=\"elementor-button-wrapper\">\n\t\t\t\t\t<a class=\"elementor-button elementor-button-link elementor-size-md\" href=\"https:\/\/www.talleresbasilio.com\/en\/servicios\/\">\n\t\t\t\t\t\t<span class=\"elementor-button-content-wrapper\">\n\t\t\t\t\t\t\t\t\t<span class=\"elementor-button-text\">Ver servicios<\/span>\n\t\t\t\t\t<\/span>\n\t\t\t\t\t<\/a>\n\t\t\t\t<\/div>\n\t\t\t\t\t\t\t\t<\/div>\n\t\t\t\t<\/div>\n\t\t\t\t\t<\/div>\n\t\t\t\t<\/div>\n\t\t\t\t\t<\/div>\n\t\t\t\t<\/div>\n\t\t<div class=\"elementor-element elementor-element-a7f8a9f fc-container-padding e-flex e-con-boxed e-con e-child\" data-id=\"a7f8a9f\" data-element_type=\"container\" data-e-type=\"container\" data-settings=\"{&quot;background_background&quot;:&quot;classic&quot;}\">\n\t\t\t\t\t<div class=\"e-con-inner\">\n\t\t<div class=\"elementor-element elementor-element-0efe909 e-con-full e-flex e-con e-child\" data-id=\"0efe909\" data-element_type=\"container\" data-e-type=\"container\">\n\t\t\t\t<div class=\"elementor-element elementor-element-47d00dd elementor-widget elementor-widget-heading\" data-id=\"47d00dd\" data-element_type=\"widget\" data-e-type=\"widget\" data-widget_type=\"heading.default\">\n\t\t\t\t<div class=\"elementor-widget-container\">\n\t\t\t\t\t<h2 class=\"elementor-heading-title elementor-size-default\">M\u00e1s de 50 a\u00f1os aportando\u00a0soluciones a nuestros clientes.<\/h2>\t\t\t\t<\/div>\n\t\t\t\t<\/div>\n\t\t\t\t<\/div>\n\t\t<div class=\"elementor-element elementor-element-99a525a e-con-full e-flex e-con e-child\" data-id=\"99a525a\" data-element_type=\"container\" data-e-type=\"container\">\n\t\t\t\t<div class=\"elementor-element elementor-element-16e0079 elementor-widget elementor-widget-text-editor\" data-id=\"16e0079\" data-element_type=\"widget\" data-e-type=\"widget\" data-widget_type=\"text-editor.default\">\n\t\t\t\t<div class=\"elementor-widget-container\">\n\t\t\t\t\t\t\t\t\t<p>Somos una peque\u00f1a empresa familiar, fundada en el a\u00f1o 1966 en Logro\u00f1o. Reparamos, distribuimos y realizamos el mantenimiento de herramienta hidr\u00e1ulica y manual. Tambi\u00e9n\u00a0 distribuimos, alquilamos y reparamos todo tipo de maquinaria de manutenci\u00f3n y obra.<\/p>\t\t\t\t\t\t\t\t<\/div>\n\t\t\t\t<\/div>\n\t\t\t\t<div class=\"elementor-element elementor-element-7fd145f elementor-widget elementor-widget-button\" data-id=\"7fd145f\" data-element_type=\"widget\" data-e-type=\"widget\" data-widget_type=\"button.default\">\n\t\t\t\t<div class=\"elementor-widget-container\">\n\t\t\t\t\t\t\t\t\t<div class=\"elementor-button-wrapper\">\n\t\t\t\t\t<a class=\"elementor-button elementor-button-link elementor-size-sm\" href=\"https:\/\/www.talleresbasilio.com\/en\/contacto\/\">\n\t\t\t\t\t\t<span class=\"elementor-button-content-wrapper\">\n\t\t\t\t\t\t\t\t\t<span class=\"elementor-button-text\">Contactar<\/span>\n\t\t\t\t\t<\/span>\n\t\t\t\t\t<\/a>\n\t\t\t\t<\/div>\n\t\t\t\t\t\t\t\t<\/div>\n\t\t\t\t<\/div>\n\t\t\t\t<\/div>\n\t\t\t\t\t<\/div>\n\t\t\t\t<\/div>\n\t\t<div class=\"elementor-element elementor-element-bf836e8 e-grid fc-container-padding e-con-boxed e-con e-parent\" data-id=\"bf836e8\" data-element_type=\"container\" data-e-type=\"container\" data-settings=\"{&quot;background_background&quot;:&quot;classic&quot;}\">\n\t\t\t\t\t<div class=\"e-con-inner\">\n\t\t<div class=\"elementor-element elementor-element-a425500 e-con-full fc-container-equal-s e-flex e-con e-child\" data-id=\"a425500\" data-element_type=\"container\" data-e-type=\"container\" data-settings=\"{&quot;background_background&quot;:&quot;classic&quot;}\">\n\t\t\t\t<div class=\"elementor-element elementor-element-3abeb41 elementor-widget elementor-widget-image\" data-id=\"3abeb41\" data-element_type=\"widget\" data-e-type=\"widget\" data-widget_type=\"image.default\">\n\t\t\t\t<div class=\"elementor-widget-container\">\n\t\t\t\t\t\t\t\t\t\t\t\t\t\t\t<img decoding=\"async\" width=\"84\" height=\"84\" src=\"https:\/\/www.talleresbasilio.com\/wp-content\/uploads\/2025\/07\/tb-icono-check-1752746192.png\" class=\"attachment-full size-full wp-image-1915\" alt=\"Tb Icono Check\" srcset=\"https:\/\/www.talleresbasilio.com\/wp-content\/uploads\/2025\/07\/tb-icono-check-1752746192.png 84w, https:\/\/www.talleresbasilio.com\/wp-content\/uploads\/2025\/07\/tb-icono-check-1752746192-12x12.png 12w\" sizes=\"(max-width: 84px) 100vw, 84px\" \/>\t\t\t\t\t\t\t\t\t\t\t\t\t\t\t<\/div>\n\t\t\t\t<\/div>\n\t\t\t\t<div class=\"elementor-element elementor-element-952f2bd elementor-widget elementor-widget-heading\" data-id=\"952f2bd\" data-element_type=\"widget\" data-e-type=\"widget\" data-widget_type=\"heading.default\">\n\t\t\t\t<div class=\"elementor-widget-container\">\n\t\t\t\t\t<h2 class=\"elementor-heading-title elementor-size-default\">Calidad en los procesos<\/h2>\t\t\t\t<\/div>\n\t\t\t\t<\/div>\n\t\t\t\t<div class=\"elementor-element elementor-element-35e304f elementor-widget elementor-widget-text-editor\" data-id=\"35e304f\" data-element_type=\"widget\" data-e-type=\"widget\" data-widget_type=\"text-editor.default\">\n\t\t\t\t<div class=\"elementor-widget-container\">\n\t\t\t\t\t\t\t\t\t<p>Nuestra prioridad es que cualquier trabajo salga del taller en las mejores condiciones, usando materiales y piezas de primera calidad.<\/p><p>Tratamos de adelantarnos a futuros problemas, que podr\u00edan ser derivados del \u00f3xido, falta de lubricaci\u00f3n, holguras, malos dimensionamientos etc\u2026<\/p>\t\t\t\t\t\t\t\t<\/div>\n\t\t\t\t<\/div>\n\t\t\t\t<\/div>\n\t\t<div class=\"elementor-element elementor-element-28b81ed e-con-full fc-container-equal-s e-flex e-con e-child\" data-id=\"28b81ed\" data-element_type=\"container\" data-e-type=\"container\" data-settings=\"{&quot;background_background&quot;:&quot;classic&quot;}\">\n\t\t\t\t<div class=\"elementor-element elementor-element-7b875bb elementor-widget elementor-widget-image\" data-id=\"7b875bb\" data-element_type=\"widget\" data-e-type=\"widget\" data-widget_type=\"image.default\">\n\t\t\t\t<div class=\"elementor-widget-container\">\n\t\t\t\t\t\t\t\t\t\t\t\t\t\t\t<img decoding=\"async\" width=\"132\" height=\"74\" src=\"https:\/\/www.talleresbasilio.com\/wp-content\/uploads\/2025\/07\/tb-icono-manos-1752746197.png\" class=\"attachment-full size-full wp-image-1917\" alt=\"Tb Icono Manos\" srcset=\"https:\/\/www.talleresbasilio.com\/wp-content\/uploads\/2025\/07\/tb-icono-manos-1752746197.png 132w, https:\/\/www.talleresbasilio.com\/wp-content\/uploads\/2025\/07\/tb-icono-manos-1752746197-18x10.png 18w\" sizes=\"(max-width: 132px) 100vw, 132px\" \/>\t\t\t\t\t\t\t\t\t\t\t\t\t\t\t<\/div>\n\t\t\t\t<\/div>\n\t\t\t\t<div class=\"elementor-element elementor-element-e86c0b7 elementor-widget elementor-widget-heading\" data-id=\"e86c0b7\" data-element_type=\"widget\" data-e-type=\"widget\" data-widget_type=\"heading.default\">\n\t\t\t\t<div class=\"elementor-widget-container\">\n\t\t\t\t\t<h2 class=\"elementor-heading-title elementor-size-default\">Atenci\u00f3n cercana\u2028con el cliente<\/h2>\t\t\t\t<\/div>\n\t\t\t\t<\/div>\n\t\t\t\t<div class=\"elementor-element elementor-element-d1583c8 elementor-widget elementor-widget-text-editor\" data-id=\"d1583c8\" data-element_type=\"widget\" data-e-type=\"widget\" data-widget_type=\"text-editor.default\">\n\t\t\t\t<div class=\"elementor-widget-container\">\n\t\t\t\t\t\t\t\t\t<p>Asesoramos al cliente en su beneficio. Para nosotros la importancia del trabajo a realizar, reside en cumplir con las necesidades del cliente.<\/p><p>Forjar una relaci\u00f3n duradera, pudiendo proveerle de lo que necesite para el correcto funcionamiento de su empresa.<\/p>\t\t\t\t\t\t\t\t<\/div>\n\t\t\t\t<\/div>\n\t\t\t\t<\/div>\n\t\t<div class=\"elementor-element elementor-element-5defb4d e-con-full fc-container-equal-s e-flex e-con e-child\" data-id=\"5defb4d\" data-element_type=\"container\" data-e-type=\"container\" data-settings=\"{&quot;background_background&quot;:&quot;classic&quot;}\">\n\t\t\t\t<div class=\"elementor-element elementor-element-7dde6d8 elementor-widget elementor-widget-image\" data-id=\"7dde6d8\" data-element_type=\"widget\" data-e-type=\"widget\" data-widget_type=\"image.default\">\n\t\t\t\t<div class=\"elementor-widget-container\">\n\t\t\t\t\t\t\t\t\t\t\t\t\t\t\t<img decoding=\"async\" width=\"52\" height=\"82\" src=\"https:\/\/www.talleresbasilio.com\/wp-content\/uploads\/2025\/07\/tb-icono-hoja-1752746208.png\" class=\"attachment-full size-full wp-image-1918\" alt=\"Tb Icono Hoja\" srcset=\"https:\/\/www.talleresbasilio.com\/wp-content\/uploads\/2025\/07\/tb-icono-hoja-1752746208.png 52w, https:\/\/www.talleresbasilio.com\/wp-content\/uploads\/2025\/07\/tb-icono-hoja-1752746208-8x12.png 8w\" sizes=\"(max-width: 52px) 100vw, 52px\" \/>\t\t\t\t\t\t\t\t\t\t\t\t\t\t\t<\/div>\n\t\t\t\t<\/div>\n\t\t\t\t<div class=\"elementor-element elementor-element-3cd8c43 elementor-widget elementor-widget-heading\" data-id=\"3cd8c43\" data-element_type=\"widget\" data-e-type=\"widget\" data-widget_type=\"heading.default\">\n\t\t\t\t<div class=\"elementor-widget-container\">\n\t\t\t\t\t<h2 class=\"elementor-heading-title elementor-size-default\">Respeto al\nmedio ambiente<\/h2>\t\t\t\t<\/div>\n\t\t\t\t<\/div>\n\t\t\t\t<div class=\"elementor-element elementor-element-965e6fa elementor-widget elementor-widget-text-editor\" data-id=\"965e6fa\" data-element_type=\"widget\" data-e-type=\"widget\" data-widget_type=\"text-editor.default\">\n\t\t\t\t<div class=\"elementor-widget-container\">\n\t\t\t\t\t\t\t\t\t<p>En todos nuestros procesos de trabajo, los residuos generados se reciclan como marca la legislaci\u00f3n con el mayor cuidado.<\/p>\t\t\t\t\t\t\t\t<\/div>\n\t\t\t\t<\/div>\n\t\t\t\t<\/div>\n\t\t\t\t\t<\/div>\n\t\t\t\t<\/div>\n\t\t<div class=\"elementor-element elementor-element-dae443f fc-container-padding e-flex e-con-boxed e-con e-parent\" data-id=\"dae443f\" data-element_type=\"container\" data-e-type=\"container\" data-settings=\"{&quot;background_background&quot;:&quot;classic&quot;}\">\n\t\t\t\t\t<div class=\"e-con-inner\">\n\t\t\t\t<div class=\"elementor-element elementor-element-4f8bc43 elementor-widget elementor-widget-image\" data-id=\"4f8bc43\" data-element_type=\"widget\" data-e-type=\"widget\" data-widget_type=\"image.default\">\n\t\t\t\t<div class=\"elementor-widget-container\">\n\t\t\t\t\t\t\t\t\t\t\t\t\t\t\t<img loading=\"lazy\" decoding=\"async\" width=\"136\" height=\"110\" src=\"https:\/\/www.talleresbasilio.com\/wp-content\/uploads\/2025\/07\/tb-icono-maquina-1752746194.png\" class=\"attachment-full size-full wp-image-1916\" alt=\"Tb Icono Maquina\" srcset=\"https:\/\/www.talleresbasilio.com\/wp-content\/uploads\/2025\/07\/tb-icono-maquina-1752746194.png 136w, https:\/\/www.talleresbasilio.com\/wp-content\/uploads\/2025\/07\/tb-icono-maquina-1752746194-15x12.png 15w\" sizes=\"(max-width: 136px) 100vw, 136px\" \/>\t\t\t\t\t\t\t\t\t\t\t\t\t\t\t<\/div>\n\t\t\t\t<\/div>\n\t\t\t\t<div class=\"elementor-element elementor-element-4e4a206 elementor-widget elementor-widget-heading\" data-id=\"4e4a206\" data-element_type=\"widget\" data-e-type=\"widget\" data-widget_type=\"heading.default\">\n\t\t\t\t<div class=\"elementor-widget-container\">\n\t\t\t\t\t<p class=\"elementor-heading-title elementor-size-default\">Reparaci\u00f3n, venta, alquiler y recambios\u00a0de maquinaria de manutenci\u00f3n de carga. Asesoramiento y soluciones a medida, utillaje especializado.\u00a0Especializados en hidr\u00e1ulica.<\/p>\t\t\t\t<\/div>\n\t\t\t\t<\/div>\n\t\t\t\t\t<\/div>\n\t\t\t\t<\/div>\n\t\t<div class=\"elementor-element elementor-element-44a4c97 fc-container-padding e-flex e-con-boxed e-con e-child\" data-id=\"44a4c97\" data-element_type=\"container\" data-e-type=\"container\" data-settings=\"{&quot;background_background&quot;:&quot;classic&quot;}\">\n\t\t\t\t\t<div class=\"e-con-inner\">\n\t\t<div class=\"elementor-element elementor-element-806c9a7 e-con-full e-flex e-con e-child\" data-id=\"806c9a7\" data-element_type=\"container\" data-e-type=\"container\">\n\t\t\t\t<div class=\"elementor-element elementor-element-898eadf elementor-widget elementor-widget-heading\" data-id=\"898eadf\" data-element_type=\"widget\" data-e-type=\"widget\" data-widget_type=\"heading.default\">\n\t\t\t\t<div class=\"elementor-widget-container\">\n\t\t\t\t\t<h2 class=\"elementor-heading-title elementor-size-default\">Venta \/ Alquiler de maquinaria<\/h2>\t\t\t\t<\/div>\n\t\t\t\t<\/div>\n\t\t\t\t<\/div>\n\t\t<div class=\"elementor-element elementor-element-5dd6506 e-con-full e-flex e-con e-child\" data-id=\"5dd6506\" data-element_type=\"container\" data-e-type=\"container\">\n\t\t<div class=\"elementor-element elementor-element-dcf5275 e-con-full e-flex e-con e-child\" data-id=\"dcf5275\" data-element_type=\"container\" data-e-type=\"container\">\n\t\t\t\t<div class=\"elementor-element elementor-element-f411202 elementor-widget elementor-widget-text-editor\" data-id=\"f411202\" data-element_type=\"widget\" data-e-type=\"widget\" data-widget_type=\"text-editor.default\">\n\t\t\t\t<div class=\"elementor-widget-container\">\n\t\t\t\t\t\t\t\t\t<p>Asesoramos al cliente en su beneficio. Venta personalizada. Estudiamos tus necesidades y te asesoramos para que realices la compra m\u00e1s adecuada seg\u00fan tu tipo de negocio, y los espacios en los que realizas tu actividad.<\/p>\t\t\t\t\t\t\t\t<\/div>\n\t\t\t\t<\/div>\n\t\t\t\t<\/div>\n\t\t<div class=\"elementor-element elementor-element-5fae9ac e-con-full e-flex e-con e-child\" data-id=\"5fae9ac\" data-element_type=\"container\" data-e-type=\"container\">\n\t\t\t\t<div class=\"elementor-element elementor-element-b3b28ff elementor-widget elementor-widget-text-editor\" data-id=\"b3b28ff\" data-element_type=\"widget\" data-e-type=\"widget\" data-widget_type=\"text-editor.default\">\n\t\t\t\t<div class=\"elementor-widget-container\">\n\t\t\t\t\t\t\t\t\t<ul><li>Carretillas elevadoras, apiladores manuales y el\u00e9ctricos, transpaletas manuales y el\u00e9ctricas.<\/li><li>Implementos para carretillas.<\/li><li>Grupos hidr\u00e1ulicos.<\/li><li>Construci\u00f3n, montaje y reparaci\u00f3n.<\/li><li>Cilindros, carros, jaulas y equipos de manutenci\u00f3n.<\/li><\/ul>\t\t\t\t\t\t\t\t<\/div>\n\t\t\t\t<\/div>\n\t\t\t\t<\/div>\n\t\t\t\t<\/div>\n\t\t<div class=\"elementor-element elementor-element-a50fe8a e-con-full e-flex e-con e-child\" data-id=\"a50fe8a\" data-element_type=\"container\" data-e-type=\"container\">\n\t\t\t\t<div class=\"elementor-element elementor-element-591973f elementor-align-left fc-boton-claro elementor-widget elementor-widget-button\" data-id=\"591973f\" data-element_type=\"widget\" data-e-type=\"widget\" data-widget_type=\"button.default\">\n\t\t\t\t<div class=\"elementor-widget-container\">\n\t\t\t\t\t\t\t\t\t<div class=\"elementor-button-wrapper\">\n\t\t\t\t\t<a class=\"elementor-button elementor-button-link elementor-size-md\" href=\"https:\/\/www.talleresbasilio.com\/en\/contacto\/\">\n\t\t\t\t\t\t<span class=\"elementor-button-content-wrapper\">\n\t\t\t\t\t\t\t\t\t<span class=\"elementor-button-text\">Contactar<\/span>\n\t\t\t\t\t<\/span>\n\t\t\t\t\t<\/a>\n\t\t\t\t<\/div>\n\t\t\t\t\t\t\t\t<\/div>\n\t\t\t\t<\/div>\n\t\t\t\t<\/div>\n\t\t\t\t\t<\/div>\n\t\t\t\t<\/div>\n\t\t<div class=\"elementor-element elementor-element-79a081c fc-container-padding e-flex e-con-boxed e-con e-parent\" data-id=\"79a081c\" data-element_type=\"container\" data-e-type=\"container\" data-settings=\"{&quot;background_background&quot;:&quot;classic&quot;}\">\n\t\t\t\t\t<div class=\"e-con-inner\">\n\t\t\t\t<div class=\"elementor-element elementor-element-3e325af elementor-widget elementor-widget-heading\" data-id=\"3e325af\" data-element_type=\"widget\" data-e-type=\"widget\" data-widget_type=\"heading.default\">\n\t\t\t\t<div class=\"elementor-widget-container\">\n\t\t\t\t\t<h2 class=\"elementor-heading-title elementor-size-default\">Especialistas en hidr\u00e1ulica en La Rioja<\/h2>\t\t\t\t<\/div>\n\t\t\t\t<\/div>\n\t\t\t\t<div class=\"elementor-element elementor-element-9aacb3b elementor-widget elementor-widget-text-editor\" data-id=\"9aacb3b\" data-element_type=\"widget\" data-e-type=\"widget\" data-widget_type=\"text-editor.default\">\n\t\t\t\t<div class=\"elementor-widget-container\">\n\t\t\t\t\t\t\t\t\t<p>En Talleres Basilio ofrecemos un servicio profesional y r\u00e1pido en sistemas hidr\u00e1ulicos: diagn\u00f3stico, reparaci\u00f3n y mantenimiento tanto en taller como en campo. Atendemos a empresas y profesionales en toda La Rioja con soluciones eficientes y personal t\u00e9cnico especializado.<\/p>\t\t\t\t\t\t\t\t<\/div>\n\t\t\t\t<\/div>\n\t\t\t\t\t<\/div>\n\t\t\t\t<\/div>\n\t\t\t\t<\/div>","protected":false},"excerpt":{"rendered":"<p>Servicio t\u00e9cnico, venta y alquiler con garant\u00eda profesional. Ver servicios M\u00e1s de 50 a\u00f1os aportando\u00a0soluciones a nuestros clientes. Somos una peque\u00f1a empresa familiar, fundada en el a\u00f1o 1966 en Logro\u00f1o. Reparamos, distribuimos y realizamos el mantenimiento de herramienta hidr\u00e1ulica y manual. Tambi\u00e9n\u00a0 distribuimos, alquilamos y reparamos todo tipo de maquinaria de manutenci\u00f3n y obra. Contactar [&hellip;]<\/p>\n","protected":false},"author":1,"featured_media":1893,"parent":0,"menu_order":2,"comment_status":"closed","ping_status":"closed","template":"","meta":{"_acf_changed":false,"footnotes":""},"class_list":["post-42","page","type-page","status-publish","has-post-thumbnail","hentry"],"acf":[],"_links":{"self":[{"href":"https:\/\/www.talleresbasilio.com\/en\/wp-json\/wp\/v2\/pages\/42","targetHints":{"allow":["GET"]}}],"collection":[{"href":"https:\/\/www.talleresbasilio.com\/en\/wp-json\/wp\/v2\/pages"}],"about":[{"href":"https:\/\/www.talleresbasilio.com\/en\/wp-json\/wp\/v2\/types\/page"}],"author":[{"embeddable":true,"href":"https:\/\/www.talleresbasilio.com\/en\/wp-json\/wp\/v2\/users\/1"}],"replies":[{"embeddable":true,"href":"https:\/\/www.talleresbasilio.com\/en\/wp-json\/wp\/v2\/comments?post=42"}],"version-history":[{"count":2,"href":"https:\/\/www.talleresbasilio.com\/en\/wp-json\/wp\/v2\/pages\/42\/revisions"}],"predecessor-version":[{"id":2197,"href":"https:\/\/www.talleresbasilio.com\/en\/wp-json\/wp\/v2\/pages\/42\/revisions\/2197"}],"wp:featuredmedia":[{"embeddable":true,"href":"https:\/\/www.talleresbasilio.com\/en\/wp-json\/wp\/v2\/media\/1893"}],"wp:attachment":[{"href":"https:\/\/www.talleresbasilio.com\/en\/wp-json\/wp\/v2\/media?parent=42"}],"curies":[{"name":"wp","href":"https:\/\/api.w.org\/{rel}","templated":true}]}}